{"id":4232,"date":"2020-07-24T13:54:42","date_gmt":"2020-07-24T11:54:42","guid":{"rendered":"https:\/\/restauranteasturianolagalana.es\/politique-de-cookies\/"},"modified":"2020-07-24T13:54:43","modified_gmt":"2020-07-24T11:54:43","slug":"politique-de-cookies","status":"publish","type":"page","link":"https:\/\/restauranteasturianolagalana.es\/fr\/politique-de-cookies\/","title":{"rendered":"POLITIQUE DE COOKIES"},"content":{"rendered":"<p>[vc_row][vc_column][vc_column_text]restauranteasturianolagalana.es utiliza Cookies con la finalidad de facilitar la navegaci\u00f3n por el sitio web a sus visitantes y la realizaci\u00f3n de estad\u00edsticas de uso. Los cookies son peque\u00f1os archivos que se alojan en su ordenador, pero que no facilitan informaci\u00f3n sobre sus datos de car\u00e1cter personal. Cuando el destinatario de un servicio de la sociedad de la informaci\u00f3n navega por la sitio web, el servidor donde se encuentra alojada \u00e9sta reconoce autom\u00e1ticamente la direcci\u00f3n IP del ordenador, el d\u00eda y hora en la que comienza la visita as\u00ed como las distintas secciones visitadas del sitio web. Toda esta informaci\u00f3n es necesaria para poder comunicarse y enviarle la informaci\u00f3n solicitada y que pueda ser visionada a trav\u00e9s de su ordenador. Para m\u00e1s informaci\u00f3n sobre las cookies de la sitio web puede visitar la Pol\u00edtica de Cookies. En caso de duda, sugerencia o comentario contacte con nosotros mediante el correo electr\u00f3nico en zapatarranca@zapatarranca.es[\/vc_column_text][\/vc_column][\/vc_row]<\/p>\n","protected":false},"excerpt":{"rendered":"<p>[vc_row][vc_column][vc_column_text]restauranteasturianolagalana.es utiliza Cookies con la finalidad de facilitar la navegaci\u00f3n por el sitio web a sus visitantes y la realizaci\u00f3n de estad\u00edsticas de uso. Los cookies son peque\u00f1os archivos que se alojan en su ordenador, pero que no facilitan informaci\u00f3n sobre sus datos de car\u00e1cter personal. Cuando el destinatario de un servicio de la sociedad<\/p>\n","protected":false},"author":1,"featured_media":0,"parent":0,"menu_order":0,"comment_status":"closed","ping_status":"closed","template":"","meta":{"footnotes":""},"class_list":["post-4232","page","type-page","status-publish","hentry"],"_links":{"self":[{"href":"https:\/\/restauranteasturianolagalana.es\/fr\/wp-json\/wp\/v2\/pages\/4232","targetHints":{"allow":["GET"]}}],"collection":[{"href":"https:\/\/restauranteasturianolagalana.es\/fr\/wp-json\/wp\/v2\/pages"}],"about":[{"href":"https:\/\/restauranteasturianolagalana.es\/fr\/wp-json\/wp\/v2\/types\/page"}],"author":[{"embeddable":true,"href":"https:\/\/restauranteasturianolagalana.es\/fr\/wp-json\/wp\/v2\/users\/1"}],"replies":[{"embeddable":true,"href":"https:\/\/restauranteasturianolagalana.es\/fr\/wp-json\/wp\/v2\/comments?post=4232"}],"version-history":[{"count":0,"href":"https:\/\/restauranteasturianolagalana.es\/fr\/wp-json\/wp\/v2\/pages\/4232\/revisions"}],"wp:attachment":[{"href":"https:\/\/restauranteasturianolagalana.es\/fr\/wp-json\/wp\/v2\/media?parent=4232"}],"curies":[{"name":"wp","href":"https:\/\/api.w.org\/{rel}","templated":true}]}}