{"id":4085,"date":"2020-07-13T14:01:16","date_gmt":"2020-07-13T12:01:16","guid":{"rendered":"https:\/\/restauranteasturianolagalana.es\/cuissine\/au-table\/ete\/"},"modified":"2025-06-20T16:46:23","modified_gmt":"2025-06-20T14:46:23","slug":"ete","status":"publish","type":"page","link":"https:\/\/restauranteasturianolagalana.es\/fr\/cuissine\/au-table\/ete\/","title":{"rendered":"Saison d\u2019\u00e9t\u00e9: Homard, Bonite du nord et Sardines"},"content":{"rendered":"<p>[vc_row][vc_column][vc_empty_space][vc_custom_heading text=\u00a0\u00bbNOTRE BONITE DU NORD\u00a0\u00bb font_container=\u00a0\u00bbtag:h2|font_size:32|text_align:center\u00a0\u00bb google_fonts=\u00a0\u00bbfont_family:Handlee%3Aregular|font_style:400%20regular%3A400%3Anormal\u00a0\u00bb]<div data-id=\"mpc_divider-346a06648f8bb66\" class=\"mpc-divider-wrap\"><div class=\"mpc-divider mpc-init mpc-align--center mpc-disable--left \" ><div class=\"mpc-divider__line mpc-side--left\"><span><\/span><span><\/span><\/div><div class=\"mpc-divider__line mpc-side--right\"><span><\/span><span><\/span><\/div><\/div><\/div>[\/vc_column][vc_column]<div data-id=\"mpc_icon_column-726a06648f8bc07\" class=\"mpc-icon-column mpc-init mpc-parent-hover mpc-transition mpc-icon-column--style_3 mpc-align--left \" ><div data-id=\"mpc_icon-566a06648f8bc62\" class=\"mpc-icon mpc-init mpc-transition mpc-effect-none mpc-icon-hover \"><div class=\"mpc-icon-wrap\"><i class=\"mpc-icon-part mpc-regular mpc-transition  fa fa-exclamation-circle\"><\/i><i class=\"mpc-icon-part mpc-hover mpc-transition  fa fa-exclamation-circle\"><\/i><\/div><\/div><div class=\"mpc-icon-column__content-wrap\"><div class=\"mpc-icon-column__content\"><h3 class=\"mpc-icon-column__heading mpc-typography--preset_0 mpc-transition\">IMPORTANT<\/h3><div class=\"mpc-icon-column__description mpc-typography--preset_0 mpc-transition\"><p>TVA INCLUSE \/ PAIN NON INCLUS (1,20\u20ac)<\/p>\n<p>LES PRIX EN TERRASSE AUGMENTERONT DE 10%<\/p>\n<p>TOUS NOS PLATS PEUVENT CONTENIR DES TRACES DES ALLERG\u00c8NES SUIVANTS: LUPIN, FRUITS SECS, SOJA, MOLLUSQUE, S\u00c9SAME, SULFITE, MOUTARDE, C\u00c9LERI, LAIT, CACAHU\u00c8TES, POISSON, OEUF, CRUSTAC\u00c9S ET C\u00c9R\u00c9ALES CONTENANT DU GLUTEN.<\/p>\n<\/div><\/div><\/div><\/div>[\/vc_column][\/vc_row][vc_row el_class=\u00a0\u00bbocultarFila\u00a0\u00bb][vc_column][vc_tta_accordion][vc_tta_section title=\u00a0\u00bbSecci\u00f3n 1&Prime; tab_id=\u00a0\u00bb1591124911848-4d38649d-98ab\u00a0\u00bb][\/vc_tta_section][vc_tta_section title=\u00a0\u00bbSecci\u00f3n 2&Prime; tab_id=\u00a0\u00bb1591124911848-6386ac47-90c8&Prime;][\/vc_tta_section][\/vc_tta_accordion][\/vc_column][\/vc_row]<\/p>\n","protected":false},"excerpt":{"rendered":"<p>[vc_row][vc_column][vc_empty_space][vc_custom_heading text=\u00a0\u00bbNOTRE BONITE DU NORD\u00a0\u00bb font_container=\u00a0\u00bbtag:h2|font_size:32|text_align:center\u00a0\u00bb google_fonts=\u00a0\u00bbfont_family:Handlee%3Aregular|font_style:400%20regular%3A400%3Anormal\u00a0\u00bb][\/vc_column][vc_column][\/vc_column][\/vc_row][vc_row el_class=\u00a0\u00bbocultarFila\u00a0\u00bb][vc_column][vc_tta_accordion][vc_tta_section title=\u00a0\u00bbSecci\u00f3n 1&Prime; tab_id=\u00a0\u00bb1591124911848-4d38649d-98ab\u00a0\u00bb][\/vc_tta_section][vc_tta_section title=\u00a0\u00bbSecci\u00f3n 2&Prime; tab_id=\u00a0\u00bb1591124911848-6386ac47-90c8&Prime;][\/vc_tta_section][\/vc_tta_accordion][\/vc_column][\/vc_row]<\/p>\n","protected":false},"author":1,"featured_media":0,"parent":511,"menu_order":0,"comment_status":"closed","ping_status":"closed","template":"","meta":{"footnotes":""},"class_list":["post-4085","page","type-page","status-publish","hentry"],"_links":{"self":[{"href":"https:\/\/restauranteasturianolagalana.es\/fr\/wp-json\/wp\/v2\/pages\/4085","targetHints":{"allow":["GET"]}}],"collection":[{"href":"https:\/\/restauranteasturianolagalana.es\/fr\/wp-json\/wp\/v2\/pages"}],"about":[{"href":"https:\/\/restauranteasturianolagalana.es\/fr\/wp-json\/wp\/v2\/types\/page"}],"author":[{"embeddable":true,"href":"https:\/\/restauranteasturianolagalana.es\/fr\/wp-json\/wp\/v2\/users\/1"}],"replies":[{"embeddable":true,"href":"https:\/\/restauranteasturianolagalana.es\/fr\/wp-json\/wp\/v2\/comments?post=4085"}],"version-history":[{"count":1,"href":"https:\/\/restauranteasturianolagalana.es\/fr\/wp-json\/wp\/v2\/pages\/4085\/revisions"}],"predecessor-version":[{"id":7431,"href":"https:\/\/restauranteasturianolagalana.es\/fr\/wp-json\/wp\/v2\/pages\/4085\/revisions\/7431"}],"up":[{"embeddable":true,"href":"https:\/\/restauranteasturianolagalana.es\/fr\/wp-json\/wp\/v2\/pages\/511"}],"wp:attachment":[{"href":"https:\/\/restauranteasturianolagalana.es\/fr\/wp-json\/wp\/v2\/media?parent=4085"}],"curies":[{"name":"wp","href":"https:\/\/api.w.org\/{rel}","templated":true}]}}