{"id":4071,"date":"2020-07-13T13:50:29","date_gmt":"2020-07-13T11:50:29","guid":{"rendered":"https:\/\/restauranteasturianolagalana.es\/cuissine\/au-table\/plats-a-la-cuillere-haricots-et-riz\/"},"modified":"2022-05-11T11:33:32","modified_gmt":"2022-05-11T09:33:32","slug":"plats-a-la-cuillere-haricots-et-riz","status":"publish","type":"page","link":"https:\/\/restauranteasturianolagalana.es\/fr\/cuissine\/au-table\/plats-a-la-cuillere-haricots-et-riz\/","title":{"rendered":"PLATS \u00c0 LA CUILL\u00c8RE, HARICOTS ET RIZ"},"content":{"rendered":"<p>[vc_row][vc_column][\/vc_column][vc_column]<div data-id=\"mpc_icon_column-3369d9f745d74c5\" class=\"mpc-icon-column mpc-init mpc-parent-hover mpc-transition mpc-icon-column--style_3 mpc-align--left \" ><div data-id=\"mpc_icon-8769d9f745d751e\" class=\"mpc-icon mpc-init mpc-transition mpc-effect-none mpc-icon-hover \"><div class=\"mpc-icon-wrap\"><i class=\"mpc-icon-part mpc-regular mpc-transition  fa fa-exclamation-circle\"><\/i><i class=\"mpc-icon-part mpc-hover mpc-transition  fa fa-exclamation-circle\"><\/i><\/div><\/div><div class=\"mpc-icon-column__content-wrap\"><div class=\"mpc-icon-column__content\"><h3 class=\"mpc-icon-column__heading mpc-typography--preset_0 mpc-transition\">IMPORTANT<\/h3><div class=\"mpc-icon-column__description mpc-typography--preset_0 mpc-transition\"><p>TVA INCLUSE \/ PAIN NON INCLUS (1,20\u20ac)<\/p>\n<p>LES PRIX EN TERRASSE AUGMENTERONT DE 10%<\/p>\n<p>TOUS NOS PLATS PEUVENT CONTENIR DES TRACES DES ALLERG\u00c8NES SUIVANTS: lupin, fruits secs, soja, mollusque, s\u00e9same, sulfite, moutarde, c\u00e9leri, lait, cacahu\u00e8tes, poisson, oeuf, crustac\u00e9s et c\u00e9r\u00e9ales contenant du gluten.<\/strong><\/p>\n<\/div><\/div><\/div><\/div>[\/vc_column][\/vc_row][vc_row el_class=\u00a0\u00bbocultarFila\u00a0\u00bb][vc_column][vc_tta_accordion][vc_tta_section title=\u00a0\u00bbSecci\u00f3n 1&Prime; tab_id=\u00a0\u00bb1591124911848-4d38649d-98ab4df3-9e84&Prime;][\/vc_tta_section][vc_tta_section title=\u00a0\u00bbSecci\u00f3n 2&Prime; tab_id=\u00a0\u00bb1591124911848-6386ac47-90c84df3-9e84&Prime;][\/vc_tta_section][\/vc_tta_accordion][\/vc_column][\/vc_row]<\/p>\n","protected":false},"excerpt":{"rendered":"<p>[vc_row][vc_column][\/vc_column][vc_column][\/vc_column][\/vc_row][vc_row el_class=\u00a0\u00bbocultarFila\u00a0\u00bb][vc_column][vc_tta_accordion][vc_tta_section title=\u00a0\u00bbSecci\u00f3n 1&Prime; tab_id=\u00a0\u00bb1591124911848-4d38649d-98ab4df3-9e84&Prime;][\/vc_tta_section][vc_tta_section title=\u00a0\u00bbSecci\u00f3n 2&Prime; tab_id=\u00a0\u00bb1591124911848-6386ac47-90c84df3-9e84&Prime;][\/vc_tta_section][\/vc_tta_accordion][\/vc_column][\/vc_row]<\/p>\n","protected":false},"author":1,"featured_media":0,"parent":511,"menu_order":0,"comment_status":"closed","ping_status":"closed","template":"","meta":{"footnotes":""},"class_list":["post-4071","page","type-page","status-publish","hentry"],"_links":{"self":[{"href":"https:\/\/restauranteasturianolagalana.es\/fr\/wp-json\/wp\/v2\/pages\/4071","targetHints":{"allow":["GET"]}}],"collection":[{"href":"https:\/\/restauranteasturianolagalana.es\/fr\/wp-json\/wp\/v2\/pages"}],"about":[{"href":"https:\/\/restauranteasturianolagalana.es\/fr\/wp-json\/wp\/v2\/types\/page"}],"author":[{"embeddable":true,"href":"https:\/\/restauranteasturianolagalana.es\/fr\/wp-json\/wp\/v2\/users\/1"}],"replies":[{"embeddable":true,"href":"https:\/\/restauranteasturianolagalana.es\/fr\/wp-json\/wp\/v2\/comments?post=4071"}],"version-history":[{"count":0,"href":"https:\/\/restauranteasturianolagalana.es\/fr\/wp-json\/wp\/v2\/pages\/4071\/revisions"}],"up":[{"embeddable":true,"href":"https:\/\/restauranteasturianolagalana.es\/fr\/wp-json\/wp\/v2\/pages\/511"}],"wp:attachment":[{"href":"https:\/\/restauranteasturianolagalana.es\/fr\/wp-json\/wp\/v2\/media?parent=4071"}],"curies":[{"name":"wp","href":"https:\/\/api.w.org\/{rel}","templated":true}]}}