{"id":4069,"date":"2020-07-13T13:49:44","date_gmt":"2020-07-13T11:49:44","guid":{"rendered":"https:\/\/restauranteasturianolagalana.es\/cuissine\/au-table\/viandes\/"},"modified":"2026-01-15T11:08:40","modified_gmt":"2026-01-15T10:08:40","slug":"viandes","status":"publish","type":"page","link":"https:\/\/restauranteasturianolagalana.es\/fr\/cuissine\/au-table\/viandes\/","title":{"rendered":"VIANDES"},"content":{"rendered":"<p>[vc_row][vc_column][vc_empty_space][vc_custom_heading text=\u00a0\u00bbVIANDE ASTURIENNE &quot;ROXA&quot;\u00a0\u00bb font_container=\u00a0\u00bbtag:h2|font_size:32|text_align:center\u00a0\u00bb google_fonts=\u00a0\u00bbfont_family:Handlee%3Aregular|font_style:400%20regular%3A400%3Anormal\u00a0\u00bb]<div data-id=\"mpc_divider-4869d9fc361a39e\" class=\"mpc-divider-wrap\"><div class=\"mpc-divider mpc-init mpc-align--center mpc-disable--left \" ><div class=\"mpc-divider__line mpc-side--left\"><span><\/span><span><\/span><\/div><div class=\"mpc-divider__line mpc-side--right\"><span><\/span><span><\/span><\/div><\/div><\/div>[\/vc_column][vc_column]<div data-id=\"mpc_icon_column-2269d9fc361a489\" class=\"mpc-icon-column mpc-init mpc-parent-hover mpc-transition mpc-icon-column--style_3 mpc-align--left \" ><div data-id=\"mpc_icon-2769d9fc361a4db\" class=\"mpc-icon mpc-init mpc-transition mpc-effect-none mpc-icon-hover \"><div class=\"mpc-icon-wrap\"><i class=\"mpc-icon-part mpc-regular mpc-transition  fa fa-exclamation-circle\"><\/i><i class=\"mpc-icon-part mpc-hover mpc-transition  fa fa-exclamation-circle\"><\/i><\/div><\/div><div class=\"mpc-icon-column__content-wrap\"><div class=\"mpc-icon-column__content\"><h3 class=\"mpc-icon-column__heading mpc-typography--preset_0 mpc-transition\">IMPORTANT<\/h3><div class=\"mpc-icon-column__description mpc-typography--preset_0 mpc-transition\"><p>TVA INCLUSE \/ PAIN NON INCLUS (1,20\u20ac)<\/p>\n<p>LES PRIX EN TERRASSE AUGMENTERONT DE 10%<\/p>\n<p>TOUS NOS PLATS PEUVENT CONTENIR DES TRACES DES ALLERG\u00c8NES SUIVANTS: lupin, fruits secs, soja, mollusque, s\u00e9same, sulfite, moutarde, c\u00e9leri, lait, cacahu\u00e8tes, poisson, oeuf, crustac\u00e9s et c\u00e9r\u00e9ales contenant du gluten.<\/strong><\/p>\n<\/div><\/div><\/div><\/div>[\/vc_column][\/vc_row][vc_row el_class=\u00a0\u00bbocultarFila\u00a0\u00bb][vc_column][vc_tta_accordion][vc_tta_section title=\u00a0\u00bbSecci\u00f3n 1&Prime; tab_id=\u00a0\u00bb1591124911848-4d38649d-98abf3ab-a46a\u00a0\u00bb][\/vc_tta_section][vc_tta_section title=\u00a0\u00bbSecci\u00f3n 2&Prime; tab_id=\u00a0\u00bb1591124911848-6386ac47-90c8f3ab-a46a\u00a0\u00bb][\/vc_tta_section][\/vc_tta_accordion][\/vc_column][\/vc_row]<\/p>\n","protected":false},"excerpt":{"rendered":"<p>[vc_row][vc_column][vc_empty_space][vc_custom_heading text=\u00a0\u00bbVIANDE ASTURIENNE &quot;ROXA&quot;\u00a0\u00bb font_container=\u00a0\u00bbtag:h2|font_size:32|text_align:center\u00a0\u00bb google_fonts=\u00a0\u00bbfont_family:Handlee%3Aregular|font_style:400%20regular%3A400%3Anormal\u00a0\u00bb][\/vc_column][vc_column][\/vc_column][\/vc_row][vc_row el_class=\u00a0\u00bbocultarFila\u00a0\u00bb][vc_column][vc_tta_accordion][vc_tta_section title=\u00a0\u00bbSecci\u00f3n 1&Prime; tab_id=\u00a0\u00bb1591124911848-4d38649d-98abf3ab-a46a\u00a0\u00bb][\/vc_tta_section][vc_tta_section title=\u00a0\u00bbSecci\u00f3n 2&Prime; tab_id=\u00a0\u00bb1591124911848-6386ac47-90c8f3ab-a46a\u00a0\u00bb][\/vc_tta_section][\/vc_tta_accordion][\/vc_column][\/vc_row]<\/p>\n","protected":false},"author":1,"featured_media":0,"parent":511,"menu_order":0,"comment_status":"closed","ping_status":"closed","template":"","meta":{"footnotes":""},"class_list":["post-4069","page","type-page","status-publish","hentry"],"_links":{"self":[{"href":"https:\/\/restauranteasturianolagalana.es\/fr\/wp-json\/wp\/v2\/pages\/4069","targetHints":{"allow":["GET"]}}],"collection":[{"href":"https:\/\/restauranteasturianolagalana.es\/fr\/wp-json\/wp\/v2\/pages"}],"about":[{"href":"https:\/\/restauranteasturianolagalana.es\/fr\/wp-json\/wp\/v2\/types\/page"}],"author":[{"embeddable":true,"href":"https:\/\/restauranteasturianolagalana.es\/fr\/wp-json\/wp\/v2\/users\/1"}],"replies":[{"embeddable":true,"href":"https:\/\/restauranteasturianolagalana.es\/fr\/wp-json\/wp\/v2\/comments?post=4069"}],"version-history":[{"count":5,"href":"https:\/\/restauranteasturianolagalana.es\/fr\/wp-json\/wp\/v2\/pages\/4069\/revisions"}],"predecessor-version":[{"id":7782,"href":"https:\/\/restauranteasturianolagalana.es\/fr\/wp-json\/wp\/v2\/pages\/4069\/revisions\/7782"}],"up":[{"embeddable":true,"href":"https:\/\/restauranteasturianolagalana.es\/fr\/wp-json\/wp\/v2\/pages\/511"}],"wp:attachment":[{"href":"https:\/\/restauranteasturianolagalana.es\/fr\/wp-json\/wp\/v2\/media?parent=4069"}],"curies":[{"name":"wp","href":"https:\/\/api.w.org\/{rel}","templated":true}]}}