{"id":4334,"date":"2020-07-31T12:35:35","date_gmt":"2020-07-31T10:35:35","guid":{"rendered":"https:\/\/restauranteasturianolagalana.es\/terms-of-use\/"},"modified":"2020-07-31T12:35:35","modified_gmt":"2020-07-31T10:35:35","slug":"terms-of-use","status":"publish","type":"page","link":"https:\/\/restauranteasturianolagalana.es\/en\/terms-of-use\/","title":{"rendered":"TERMS OF USE"},"content":{"rendered":"<p>[vc_row][vc_column][vc_column_text]<\/p>\n<h2 class=\"western\"><span style=\"color: #000000;\">1) Introducci\u00f3n<\/span><\/h2>\n<p>Las presentes Condiciones Generales de Utilizaci\u00f3n del Sitio Web, junto con las condiciones generales de contrataci\u00f3n que rijan la prestaci\u00f3n de los servicios, y\/o las condiciones particulares que puedan establecerse, tienen por finalidad regular tanto la puesta a disposici\u00f3n de la informaci\u00f3n como las relaciones comerciales que surjan entre <b>LA ZAPATARRANCA S.L.<\/b> y los usuarios de este sitio web (<b>restauranteasturianolagalana<\/b><b>.es<\/b>).<\/p>\n<p>Al utilizar esta p\u00e1gina web o hacer un pedido a trav\u00e9s de la misma, usted consiente quedar vinculado por estas Condiciones y por nuestras Pol\u00edticas de Protecci\u00f3n de Datos, por lo que si no est\u00e1 usted de acuerdo con todas las Condiciones y con las Pol\u00edticas de Protecci\u00f3n de Datos, no debe usar esta p\u00e1gina web.<\/p>\n<p><b>LA ZAPATARRANCA S.L.<\/b> podr\u00e1 en todo momento y sin previo aviso, modificar las presentes Condiciones Generales, as\u00ed como las Condiciones Generales de Contrataci\u00f3n, y\/o las condiciones particulares que, en su caso, se incluyan, mediante la publicaci\u00f3n de dichas modificaciones en nuestra web con el fin de que puedan ser conocidas por los Usuarios, siempre antes de la visita a la web o a la adquisici\u00f3n de cualesquiera bienes ofertados en la misma.<\/p>\n<p>Es su responsabilidad leerlas peri\u00f3dicamente, ya que resultar\u00e1n aplicables aquellas que se encuentren vigentes en el momento de realizaci\u00f3n de pedidos o, en defecto de estos, el del uso de la p\u00e1gina web.<\/p>\n<h2 class=\"western\"><span style=\"color: #000000;\">2) Titularidad del Portal<\/span><\/h2>\n<p>En cumplimiento de la Ley 34\/2002, de 11 de julio, de servicios de la sociedad de la informaci\u00f3n y de comercio electr\u00f3nico, se informa que los Datos identificativos del responsable titular del portal son los siguientes:<\/p>\n<p>DENOMINACI\u00d3N SOCIAL: <b>LA ZAPATARRANCA S.L.<\/b><br \/>\nCIF: <b>B-33780594<\/b><br \/>\nDOMICILIO SOCIAL: <b>C\/ C<\/b><b>LAUDIO ALVARGONZ\u00c1LEZ <\/b><b>22, <\/b><b>BAJO <\/b><b>33201 GIJ\u00d3N<\/b><\/p>\n<p>A efectos aclaratorios <b>LA ZAPATARRANCA S.L. <\/b>quedar\u00e1 identificada en todo el documento como <b>ZAPATARRANCA<\/b>.<\/p>\n<h2 class=\"western\"><span style=\"color: #000000;\">3) Propiedad intelectual e industrial. Prohibici\u00f3n de hiperenlaces<\/span><\/h2>\n<p>Todos los contenidos que se muestran en la p\u00e1gina web <b>restauranteasturianolagalana.es<\/b>, y en especial, dise\u00f1os, textos, gr\u00e1ficos, logos, iconos, botones, fotograf\u00edas, nombres comerciales o cualesquiera otros signos susceptibles de utilizaci\u00f3n industrial y comercial est\u00e1n protegidos por la normativa de Propiedad Intelectual e Industrial ( R.D.L 1\/96 que aprueba el Texto Refundido de la Ley de Propiedad Intelectual y por la Ley de Marcas 17\/2001) y est\u00e1n sujetos a derechos de propiedad intelectual e industrial de <b>ZAPATARRANCA<\/b> y \/o de terceros titulares de los mismos, que han autorizado debidamente su inclusi\u00f3n en el Sitio Web.<\/p>\n<p>En ning\u00fan caso se entender\u00e1 que se concede licencia alguna o se efect\u00faa renuncia, transmisi\u00f3n, cesi\u00f3n total o parcial de dichos derechos ni se confiere ning\u00fan derecho ni expectativa de derecho, y en especial, de alteraci\u00f3n, explotaci\u00f3n, reproducci\u00f3n, distribuci\u00f3n o comunicaci\u00f3n p\u00fablica sobre dichos contenidos sin la previa autorizaci\u00f3n expresa de <b>ZAPATARRANCA<\/b>.<\/p>\n<p>No se podr\u00e1 establecer ning\u00fan v\u00ednculo a esta web desde cualquier otra web sin el previo y expreso consentimiento de <b>ZAPATARRANCA<\/b>.<\/p>\n<p>La existencia de links en la web de <b>ZAPATARRANCA<\/b>, salvo manifestaci\u00f3n expresa en contrario, tiene una finalidad meramente informativa y en ning\u00fan caso supone sugerencia, invitaci\u00f3n o recomendaci\u00f3n sobre los mismos, por lo que <b>ZAPATARRANCA<\/b> no acepta ning\u00fan tipo de responsabilidad por cualquier da\u00f1o o p\u00e9rdida derivado de su uso.<\/p>\n<p>Estos enlaces no representan ning\u00fan tipo de relaci\u00f3n entre <b>ZAPATARRANCA<\/b> y los particulares o empresas titulares de los sitios web a los que puede accederse mediante estos enlaces. <b>ZAPATARRANCA<\/b> se reserva el derecho de retirar de modo unilateral y en cualquier momento los links que aparecen en su web.<\/p>\n<h2 class=\"western\"><span style=\"color: #000000;\">4) Redes sociales<\/span><\/h2>\n<p>En cumplimiento de lo establecido en el art. 10 de LSSI, informamos a los usuarios que <b>ZAPATARRANCA<\/b> es el prestador de Servicios de la Sociedad de la Informaci\u00f3n, de los enlaces que nuestra web establece a nuestro perfil en redes sociales:<\/p>\n<ul>\n<li><a href=\"https:\/\/www.facebook.com\/lagalana.zapatarranca\" target=\"_blank\" rel=\"noopener noreferrer\">https:\/\/www.facebook.com\/lagalana.zapatarranca<\/a><\/li>\n<\/ul>\n<p>siendo la informaci\u00f3n suministrada en el aviso legal de esta web extensible a dicho perfil.<\/p>\n<h2 class=\"western\"><span style=\"color: #000000;\">5) Responsabilidad de ZAPATARRANCA<\/span><\/h2>\n<p>i. <b>ZAPATARRANCA<\/b> realiza todos sus esfuerzos por mantener actualizada su p\u00e1gina web y porque el usuario pueda acceder a la misma en todo momento. Sin embargo, es posible que, por razones t\u00e9cnicas el visionado y funcionamiento de la p\u00e1gina no sea correcto o completo. <b>ZAPATARRANCA<\/b> no puede garantizar que su p\u00e1gina web se encuentre en todo momento disponible, y por tanto, <b>ZAPATARRANCA<\/b> no se har\u00e1 responsable por los da\u00f1os y perjuicios de naturaleza que pudieran derivarse de, con car\u00e1cter meramente enunciativo y no limitativo (i) la falta de disponibilidad de la web, inferencias, interrupciones, ca\u00eddas, o suspensiones temporales de la p\u00e1gina web, (ii) virus inform\u00e1ticos, aver\u00edas y\/o desconexiones en el funcionamiento del sistema electr\u00f3nico o en los aparatos y equipos inform\u00e1ticos, motivadas por causas ajenas a <b>ZAPATARRANCA<\/b>, que impidan o retrasen la prestaci\u00f3n de los servicios o la navegaci\u00f3n; (iii) Retrasos o bloqueos en el uso causados por deficiencias o sobrecargas de Internet o en otros sistemas electr\u00f3nicos que puedan ser causados por terceras personas mediante intromisiones ileg\u00edtimas fuera del control de la Tienda y que no sean atribuibles a <b>ZAPATARRANCA<\/b>; (iv) Las divergencias de la informaci\u00f3n, documentaci\u00f3n y\/o dem\u00e1s contenido de la web que pudieren existir entre la versi\u00f3n electr\u00f3nica y la versi\u00f3n impresa; (v) De la imposibilidad de dar el Servicio o permitir el acceso por causas no imputables a <b>ZAPATARRANCA<\/b>, incluidos supuestos de fuerza mayor.<\/p>\n<p>iii. Los servicios de la sociedad de la informaci\u00f3n ofrecidos en esta web y no sometidos a contrataci\u00f3n previa son ofrecidos al usuario sin contrapartida alguna y \u00fanicamente conllevan para el usuario la obligaci\u00f3n de cumplir las normas de uso establecidas en este Aviso Legal. <b>ZAPATARRANCA<\/b> no tiene, por tanto, respecto de estos servicios, obligaci\u00f3n de cumplir determinados niveles de disponibilidad ni adoptar medidas de seguridad espec\u00edficas. Se informa al Usuario de que las comunicaciones a trav\u00e9s de redes abiertas no son seguras. Es responsabilidad del Usuario adoptar todas las medidas t\u00e9cnicas adecuadas para controlar razonablemente estos riesgos y evitar da\u00f1os en sus equipos, p\u00e9rdida de datos y robo de informaci\u00f3n confidencial.<\/p>\n<p>iv. En el caso de usuarios menores de edad o incapaces, la utilizaci\u00f3n de la web ser\u00e1 bajo la entera responsabilidad de sus padres, representantes o tutores legales, debiendo estos acompa\u00f1ar, supervisar o tomar las precauciones oportunas durante la navegaci\u00f3n de aquellos por las p\u00e1ginas web. Por tanto y sin perjuicio de todo lo previsto como Aviso Legal; en su condici\u00f3n de padres, representantes o tutores legales, ser\u00e1n los responsables de que sus hijos menores o tutelados accedan a los servicios, productos o contenidos de <b>ZAPATARRANCA<\/b> o se registren, por lo que les recomendamos acompa\u00f1ar, supervisar o tomar las precauciones oportunas (reglas de tiempo de uso de ordenador, ubicaci\u00f3n del ordenador en zona com\u00fan de la casa, etc.) durante la navegaci\u00f3n de aquellos por las p\u00e1ginas web.<\/p>\n<p>v. <b>ZAPATARRANCA<\/b> podr\u00e1, sin necesidad de previo aviso, suspender temporalmente el contenido de la p\u00e1gina web por razones de mantenimiento o reparaci\u00f3n de sus sistemas e introducir los cambios que estime oportunos en la p\u00e1gina web.<\/p>\n<h2 class=\"western\"><span style=\"color: #000000;\">6) Obligaciones del usuario<\/span><\/h2>\n<p>i. El Usuario se obliga al cumplimiento de las presentes Condiciones Generales de Uso, en su caso las Condiciones Particulares que fueran de aplicaci\u00f3n, as\u00ed como cumplir las especiales advertencias o instrucciones de uso contenidas en las mismas o en la propia web.<\/p>\n<p>ii. El Usuario debe realizar un uso l\u00edcito de los servicios de esta Web de acuerdo con la legalidad vigente, respetando los derechos de propiedad intelectual de <b>ZAPATARRANCA<\/b> o de terceros.<\/p>\n<p>iii. El Usuario garantiza que las actividades que desarrolle a trav\u00e9s del sitio Web se adecuar\u00e1n a la ley, la moral, el orden p\u00fablico, las buenas costumbres y, en ning\u00fan caso, resultar\u00e1n ofensivas para el buen nombre e imagen comercial de <b>ZAPATARRANCA<\/b>, otros Usuarios de la Web o para terceros.<\/p>\n<p>iv. El Usuario emplear\u00e1 la diligencia adecuada a la naturaleza del servicio del que disfruta, y no realizar\u00e1 a trav\u00e9s de los servicios que pone a su disposici\u00f3n <b>ZAPATARRANCA<\/b> ninguna acci\u00f3n que cause da\u00f1o o alteraciones de los contenidos u obstaculice el buen funcionamiento de la Web, comprometi\u00e9ndose expresamente por el solo uso de la misma a no causar problemas t\u00e9cnicos de cualquier \u00edndole, transferir elementos susceptibles de portar virus inform\u00e1ticos o da\u00f1ar, interferir o interceptar total o parcialmente la Web, as\u00ed como a no intervenir o alterar el correo electr\u00f3nico de otros Usuarios.<\/p>\n<h2 class=\"western\"><span style=\"color: #000000;\">7) Comunicaciones<\/span><\/h2>\n<p>A los efectos de las presentes Condiciones Generales, y para cualquier comunicaci\u00f3n que sea precisa entre <b>ZAPATARRANCA<\/b> y el Usuario, \u00e9stos deber\u00e1n dirigirse mediante correo electr\u00f3nico enviado un mensaje a <b>reservas<\/b><b>@<\/b><b>restauranteasturianolagalana.es<\/b> o bien mediante comunicaci\u00f3n escrita dirigida a La Zapatarranca S.L, C\/ CLAUDIO ALVARGONZ\u00c1LEZ 22, BAJO 33201 GIJ\u00d3N.<\/p>\n<p>Las comunicaciones de <b>ZAPATARRANCA<\/b> al Usuario se realizar\u00e1n conforme a los datos aportados por \u00e9ste al registrarse en la p\u00e1gina web. El Usuario acepta expresamente para todas las comunicaciones relacionadas con la utilizaci\u00f3n de la adquisici\u00f3n de bienes, la utilizaci\u00f3n del correo electr\u00f3nico como procedimiento v\u00e1lido para la remisi\u00f3n de dichas comunicaciones. Es responsabilidad del Usuario mantener actualizados los datos facilitados en la creaci\u00f3n de su cuenta, especialmente los datos de contacto facilitados para la gesti\u00f3n de pedidos<\/p>\n<h2 class=\"western\"><span style=\"color: #000000;\">8) Nulidad de las cl\u00e1usulas<\/span><\/h2>\n<p>Si cualquier contenido de las presentes Condiciones Generales de utilizaci\u00f3n del Sitio Web fuese declarada total o parcialmente nulo o ineficaz, dicha declaraci\u00f3n afectar\u00e1 tan solo al contenido o parte de la mismo que resulte nulo o ineficaz subsistiendo en todo lo dem\u00e1s el resto de Condiciones Generales y teni\u00e9ndose tal contenido o la parte del mismo que resulte afectado por no puesto, salvo que por resultar esencial a las presentes Condiciones Generales, hubiese de afectarlas de forma integral.<\/p>\n<h2 class=\"western\"><span style=\"color: #000000;\">9) Ley aplicable y jurisdicci\u00f3n<\/span><\/h2>\n<p>Estas Condiciones Generales de acceso, navegaci\u00f3n y uso del sitio Web, as\u00ed como cualquier relaci\u00f3n entre el Usuario y <b>ZAPATARRANCA<\/b> se regir\u00e1n por la legislaci\u00f3n espa\u00f1ola.<\/p>\n<p>Cualquier controversia que pudiera surgir o guarde relaci\u00f3n con el uso de esta web ser\u00e1 sometida a jurisdicci\u00f3n de los juzgados y tribunales de Gij\u00f3n.<\/p>\n<p>En todo caso, ser\u00e1 de aplicaci\u00f3n la \u00faltima Pol\u00edtica de Privacidad aceptada por el Usuario.[\/vc_column_text][\/vc_column][\/vc_row]<\/p>\n","protected":false},"excerpt":{"rendered":"<p>[vc_row][vc_column][vc_column_text] 1) Introducci\u00f3n Las presentes Condiciones Generales de Utilizaci\u00f3n del Sitio Web, junto con las condiciones generales de contrataci\u00f3n que rijan la prestaci\u00f3n de los servicios, y\/o las condiciones particulares que puedan establecerse, tienen por finalidad regular tanto la puesta a disposici\u00f3n de la informaci\u00f3n como las relaciones comerciales que surjan entre LA ZAPATARRANCA S.L.<\/p>\n","protected":false},"author":1,"featured_media":0,"parent":0,"menu_order":0,"comment_status":"closed","ping_status":"closed","template":"","meta":{"footnotes":""},"class_list":["post-4334","page","type-page","status-publish","hentry"],"_links":{"self":[{"href":"https:\/\/restauranteasturianolagalana.es\/en\/wp-json\/wp\/v2\/pages\/4334","targetHints":{"allow":["GET"]}}],"collection":[{"href":"https:\/\/restauranteasturianolagalana.es\/en\/wp-json\/wp\/v2\/pages"}],"about":[{"href":"https:\/\/restauranteasturianolagalana.es\/en\/wp-json\/wp\/v2\/types\/page"}],"author":[{"embeddable":true,"href":"https:\/\/restauranteasturianolagalana.es\/en\/wp-json\/wp\/v2\/users\/1"}],"replies":[{"embeddable":true,"href":"https:\/\/restauranteasturianolagalana.es\/en\/wp-json\/wp\/v2\/comments?post=4334"}],"version-history":[{"count":0,"href":"https:\/\/restauranteasturianolagalana.es\/en\/wp-json\/wp\/v2\/pages\/4334\/revisions"}],"wp:attachment":[{"href":"https:\/\/restauranteasturianolagalana.es\/en\/wp-json\/wp\/v2\/media?parent=4334"}],"curies":[{"name":"wp","href":"https:\/\/api.w.org\/{rel}","templated":true}]}}