{"id":4327,"date":"2020-07-31T12:34:07","date_gmt":"2020-07-31T10:34:07","guid":{"rendered":"https:\/\/restauranteasturianolagalana.es\/privacy-policy\/"},"modified":"2020-07-31T12:34:07","modified_gmt":"2020-07-31T10:34:07","slug":"privacy-policy","status":"publish","type":"page","link":"https:\/\/restauranteasturianolagalana.es\/en\/privacy-policy\/","title":{"rendered":"PRIVACY POLICY"},"content":{"rendered":"<p>[vc_row][vc_column][vc_column_text el_class=&#8221;justify-text&#8221;]En cumplimiento de la LOPD 15\/1999, de 13 de diciembre, el Real Decreto 1720\/2007, de 21 de diciembre, conocido como el Reglamento de desarrollo de la LOPD y el RGPD 2016\/679 del Parlamento Europeo y del Consejo de 27 de abril de 2016 le informamos que los datos personales que nos suministre a trav\u00e9s de la p\u00e1gina web, ser\u00e1n tratados de forma confidencial por <strong>LA ZAPATARRANCA S.L.<\/strong>, con sede social en: C\/ Claudio Alvargonz\u00e1lez, 22 bajo, 33201 Gij\u00f3n (Principado de Asturias).<\/p>\n<ol>\n<li><strong>Responsable. <\/strong>\n<ul>\n<li>\u00bfQui\u00e9n es el responsable del tratamiento de sus datos?\n<ul>\n<li>Identidad: LA ZAPATARRANCA S.L<\/li>\n<li>CIF\/NIF: B33780594<\/li>\n<li>Direcci\u00f3n postal: C\/ Claudio Alvargonz\u00e1lez, 22 bajo 33201 \u2013Gij\u00f3n (Principado de Asturias).<\/li>\n<li>Tel\u00e9fono: 985 343 255<\/li>\n<li>Correo electr\u00f3nico: zapatarranca@zapatarranca.es<\/li>\n<\/ul>\n<\/li>\n<\/ul>\n<\/li>\n<li><strong>Finalidad<\/strong>\n<ul>\n<li>\u00bfCon que finalidad tratamos sus datos?\u00a0\u00a0Solicitamos y tratamos los datos personales necesarios para la gesti\u00f3n sus reservas en nuestro restaurante. Gestionar la entrega del pedido y atender quejas o sugerencias recibidas en funci\u00f3n del pedido realizado.<br \/>\n\u00bfPor cu\u00e1nto tiempo conservamos sus datos? En principio se conservar\u00e1n mientras mantenga su condici\u00f3n de usuario de la p\u00e1gina y su registro en la misma.<\/li>\n<\/ul>\n<\/li>\n<li><strong>Legitimaci\u00f3n<\/strong>\n<ul>\n<li>\u00bfCu\u00e1l es la legitimaci\u00f3n para la conservaci\u00f3n de sus datos? el inter\u00e9s leg\u00edtimo para el desarrollo de la actividad hostelera del restaurante y el propio consentimiento del interesado.<\/li>\n<li>\u00bfA qu\u00e9 destinatarios se comunicar\u00e1n sus datos? A ninguna otra empresa o instituci\u00f3n.<\/li>\n<\/ul>\n<\/li>\n<li><strong>Derechos.\u00a0<\/strong>\u00bfCu\u00e1les son sus derechos cuando nos facilita sus datos?\n<ul>\n<li>\u00bfCu\u00e1les son los derechos cuando nos facilita sus datos?\n<ul>\n<li>Acceso: El interesado tiene derecho a saber que datos est\u00e1 tratando la empresa sobre el \u00e9l.<\/li>\n<li>Rectificaci\u00f3n: El interesado tiene derecho a solicitar la rectificaci\u00f3n de los datos inexactos.<\/li>\n<li>Supresi\u00f3n: El interesado tiene derecho a solicitar la supresi\u00f3n de sus datos cuando, entre otros motivos, los datos no sean necesarios para los fines que fueron recogidos.<\/li>\n<li>Limitaci\u00f3n del tratamiento: En determinadas circunstancias el interesado podr\u00e1 solicitar la limitaci\u00f3n del tratamiento de sus datos, en cuyo caso \u00fanicamente los conservaremos para el ejercicio o la defensa de reclamaciones.<\/li>\n<li>Oposici\u00f3n: En determinadas circunstancias el interesado podr\u00e1 oponerse al tratamiento de sus datos. En ese caso la empresa dejar\u00e1 de tratar sus datos, salvo por motivos leg\u00edtimos imperiosos o el ejercicio o la defensa de posibles reclamaciones<\/li>\n<li>Portabilidad de los datos: Solo aplicable a datos automatizados y consiste en pasar los datos desde la empresa a otro nuevo Responsable del Tratamiento (no al interesado y por solicitud del mismo)<\/li>\n<\/ul>\n<\/li>\n<\/ul>\n<\/li>\n<\/ol>\n<p>Puede usted ejercer sus derechos incluido el derecho a retirar su consentimiento (si este fue otorgado) enviando un escrito a la <strong>LA ZAPATARRANCA<\/strong>, C\/ Claudio Alvargonz\u00e1lez, 22 bajo 33201 \u2013 Gij\u00f3n o enviando un correo electr\u00f3nico a zapatarranca@zapatarranca.es. Adem\u00e1s tiene usted derecho a presentar una reclamaci\u00f3n ante la Autoridad de Control en materia de Protecci\u00f3n de Datos, actualmente la Agencia Espa\u00f1ola de Protecci\u00f3n de Datos.[\/vc_column_text][\/vc_column][\/vc_row]<\/p>\n","protected":false},"excerpt":{"rendered":"<p>[vc_row][vc_column][vc_column_text el_class=&#8221;justify-text&#8221;]En cumplimiento de la LOPD 15\/1999, de 13 de diciembre, el Real Decreto 1720\/2007, de 21 de diciembre, conocido como el Reglamento de desarrollo de la LOPD y el RGPD 2016\/679 del Parlamento Europeo y del Consejo de 27 de abril de 2016 le informamos que los datos personales que nos suministre a trav\u00e9s<\/p>\n","protected":false},"author":1,"featured_media":0,"parent":0,"menu_order":0,"comment_status":"closed","ping_status":"closed","template":"","meta":{"footnotes":""},"class_list":["post-4327","page","type-page","status-publish","hentry"],"_links":{"self":[{"href":"https:\/\/restauranteasturianolagalana.es\/en\/wp-json\/wp\/v2\/pages\/4327","targetHints":{"allow":["GET"]}}],"collection":[{"href":"https:\/\/restauranteasturianolagalana.es\/en\/wp-json\/wp\/v2\/pages"}],"about":[{"href":"https:\/\/restauranteasturianolagalana.es\/en\/wp-json\/wp\/v2\/types\/page"}],"author":[{"embeddable":true,"href":"https:\/\/restauranteasturianolagalana.es\/en\/wp-json\/wp\/v2\/users\/1"}],"replies":[{"embeddable":true,"href":"https:\/\/restauranteasturianolagalana.es\/en\/wp-json\/wp\/v2\/comments?post=4327"}],"version-history":[{"count":0,"href":"https:\/\/restauranteasturianolagalana.es\/en\/wp-json\/wp\/v2\/pages\/4327\/revisions"}],"wp:attachment":[{"href":"https:\/\/restauranteasturianolagalana.es\/en\/wp-json\/wp\/v2\/media?parent=4327"}],"curies":[{"name":"wp","href":"https:\/\/api.w.org\/{rel}","templated":true}]}}